{"id":11568,"date":"2024-09-03T09:10:50","date_gmt":"2024-09-03T07:10:50","guid":{"rendered":"http:\/\/relaunch.marina-bernried.de\/?page_id=11568"},"modified":"2025-03-24T18:37:24","modified_gmt":"2025-03-24T17:37:24","slug":"spa-etiquette","status":"publish","type":"page","link":"https:\/\/marina-bernried.de\/en\/hotel_and_wellness\/marina-wellness-spa\/spa-etiquette\/","title":{"rendered":"Spa Etiquette"},"content":{"rendered":"\n<div class=\"wp-block-group is-layout-flow wp-block-group-is-layout-flow\" style=\"margin-top:var(--wp--preset--spacing--100);margin-bottom:var(--wp--preset--spacing--100)\">\n<h1 class=\"wp-block-heading has-text-align-center\">Spa Etiquette<\/h1>\n\n\n\n<h3 class=\"wp-block-heading has-text-align-left\">\u00d6ffnungszeiten<\/h3>\n\n\n\n<p>Pool- und Wellnessbereich: 7 bis 21 Uhr. Die Sauna wird auf Wunsch angeheizt. Bitte planen Sie 30 Minuten Wartezeit ein.<\/p>\n\n\n\n<div style=\"height:10px\" aria-hidden=\"true\" class=\"wp-block-spacer\"><\/div>\n\n\n\n<h3 class=\"wp-block-heading\">Verhalten im Schwimmbad und Wellnessbereich<\/h3>\n\n\n\n<p>Im Wellnessbereich haben Ruhe und Privatsph\u00e4re h\u00f6chste Priorit\u00e4t. Bitte f\u00fchren Sie Ihre Unterhaltungen so leise, dass andere G\u00e4ste nicht gest\u00f6rt werden. Schalten Sie auch Ihre Mobiltelefone aus. Das Rauchen ist im gesamten Bereich verboten. Das Mindestalter f\u00fcr SPA-Behandlungen betr\u00e4gt 18 Jahre.<\/p>\n\n\n\n<div style=\"height:10px\" aria-hidden=\"true\" class=\"wp-block-spacer\"><\/div>\n\n\n\n<h3 class=\"wp-block-heading\">Termine f\u00fcr Ihre Behandlung<\/h3>\n\n\n\n<p>Wir weisen darauf hin, dass eine fr\u00fchzeitige Reservierung Ihren Wunschtermin sichert. Wir haben f\u00fcr Sie eine &#8220;online-Wellness-Reservierung&#8221; eingerichtet. &nbsp;So k\u00f6nnen Sie, wenn Sie m\u00f6chten, &nbsp;schon vor Anreise Ihren Termin anfragen. Oder rufen Sie uns an unter 08158 932-0. Wenn Sie bereits angekommen sind, w\u00e4hlen Sie bitte vom Zimmer aus die Rezeption (9) bez\u00fcglich einer Behandlung.<\/p>\n\n\n\n<div style=\"height:10px\" aria-hidden=\"true\" class=\"wp-block-spacer\"><\/div>\n\n\n\n<h3 class=\"wp-block-heading\">Ankunftszeit<\/h3>\n\n\n\n<p>Wir empfehlen Ihnen, sich mindestens 15 bis 20 Minuten vor Behandlungsbeginn im Wellnessbereich einzufinden, damit Sie sich umkleiden, duschen und auf die Behandlung einstimmen k\u00f6nnen. Bitte holen Sie vorher Leihbademantel und Badeslipper an der Rezeption ab.<\/p>\n\n\n\n<div style=\"height:10px\" aria-hidden=\"true\" class=\"wp-block-spacer\"><\/div>\n\n\n\n<h3 class=\"wp-block-heading\">Versp\u00e4tungen und Stornierungen<\/h3>\n\n\n\n<p>Bitte haben Sie Verst\u00e4ndnis, dass versp\u00e4tetes Eintreffen zu einer K\u00fcrzung der Behandlungsdauer f\u00fchren kann. F\u00fcr den Fall, dass Sie Ihren Termin absagen oder neu vereinbaren m\u00fcssen, informieren Sie uns bitte mindestens 24 Stunden vorher. Wir m\u00f6chten h\u00f6flich darauf aufmerksam machen, dass bei nicht rechtzeitiger Stornierung, Nichteinhaltung des Termins oder Zu-sp\u00e4t-Kommens, der volle Behandlungspreis von uns in Rechnung gestellt werden muss.<\/p>\n\n\n\n<div style=\"height:10px\" aria-hidden=\"true\" class=\"wp-block-spacer\"><\/div>\n\n\n\n<h3 class=\"wp-block-heading\">Vor und nach der Behandlung<\/h3>\n\n\n\n<p>Damit wir Ihre Behandlung so individuell wie m\u00f6glich gestalten k\u00f6nnen, w\u00fcrden wir vor deren Beginn gerne erfahren, was f\u00fcr Sie besonders wichtig ist. Ob es die Raumtemperatur ist oder wie der Druck bei der Massage ausge\u00fcbt werden soll. Bitte besprechen Sie auch dies mit dem Therapeuten. Wir raten Ihnen, bei bestehenden Gesundheitsproblemen vorher Ihren Arzt zu konsultieren. Auch der Hinweis auf eine bestehende Schwangerschaft ist wichtig, da in dieser besonderen Zeit nicht alle Behandlungen geeignet sind. Trinken Sie ausreichend Tee oder Wasser an unserer kostenlosen Tee-Bar, da ein guter Fl\u00fcssigkeitshaushalt die Wirkung der Massage unterst\u00fctzt. Da die Massagen den Stoffwechsel anregen, raten wir Ihnen, vorher die Toilette aufzusuchen. Nach der Massage entfaltet sich die Wirkung optimal durch eine Ruhepause. Bitte trinken Sie erneut viel Tee oder Wasser, um Ihren K\u00f6rper beim Abtransport der freigesetzten Schlackenstoffe zu unterst\u00fctzen. Bitte trinken Sie weder direkt vor oder nach der Behandlung Alkohol.<\/p>\n\n\n\n<p>F\u00fcr den Aufenthalt im Marina Wellness- und SPA-Bereich und Ihre Behandlungen w\u00fcnschen wir Ihnen viel Entspannung, Erholung und Vergn\u00fcgen,<\/p>\n\n\n\n<p>Ihr <strong>Marina Wellness-Team<\/strong><\/p>\n<\/div>\n","protected":false},"excerpt":{"rendered":"<p>Spa Etiquette \u00d6ffnungszeiten Pool- und Wellnessbereich: 7 bis 21 Uhr. Die Sauna wird auf Wunsch angeheizt. Bitte planen Sie 30 Minuten Wartezeit ein. Verhalten im Schwimmbad und Wellnessbereich Im Wellnessbereich haben Ruhe und Privatsph\u00e4re h\u00f6chste Priorit\u00e4t. Bitte f\u00fchren Sie Ihre Unterhaltungen so leise, dass andere G\u00e4ste nicht gest\u00f6rt werden. Schalten Sie auch Ihre Mobiltelefone aus. [&hellip;]<\/p>\n","protected":false},"author":1,"featured_media":0,"parent":1348,"menu_order":50,"comment_status":"closed","ping_status":"closed","template":"","meta":{"_acf_changed":false,"footnotes":""},"class_list":["post-11568","page","type-page","status-publish","hentry"],"acf":[],"yoast_head":"<!-- This site is optimized with the Yoast SEO plugin v27.2 - https:\/\/yoast.com\/product\/yoast-seo-wordpress\/ -->\n<title>Spa Etiquette - Marina Resort Bernried<\/title>\n<meta name=\"robots\" content=\"index, follow, max-snippet:-1, max-image-preview:large, max-video-preview:-1\" \/>\n<link rel=\"canonical\" href=\"https:\/\/marina-bernried.de\/en\/hotel_and_wellness\/marina-wellness-spa\/spa-etiquette\/\" \/>\n<meta property=\"og:locale\" content=\"en_US\" \/>\n<meta property=\"og:type\" content=\"article\" \/>\n<meta property=\"og:title\" content=\"Spa Etiquette - Marina Resort Bernried\" \/>\n<meta property=\"og:description\" content=\"Spa Etiquette \u00d6ffnungszeiten Pool- und Wellnessbereich: 7 bis 21 Uhr. Die Sauna wird auf Wunsch angeheizt. Bitte planen Sie 30 Minuten Wartezeit ein. Verhalten im Schwimmbad und Wellnessbereich Im Wellnessbereich haben Ruhe und Privatsph\u00e4re h\u00f6chste Priorit\u00e4t. Bitte f\u00fchren Sie Ihre Unterhaltungen so leise, dass andere G\u00e4ste nicht gest\u00f6rt werden. Schalten Sie auch Ihre Mobiltelefone aus. [&hellip;]\" \/>\n<meta property=\"og:url\" content=\"https:\/\/marina-bernried.de\/en\/hotel_and_wellness\/marina-wellness-spa\/spa-etiquette\/\" \/>\n<meta property=\"og:site_name\" content=\"Marina Resort Bernried\" \/>\n<meta property=\"article:modified_time\" content=\"2025-03-24T17:37:24+00:00\" \/>\n<meta name=\"twitter:card\" content=\"summary_large_image\" \/>\n<meta name=\"twitter:label1\" content=\"Est. reading time\" \/>\n\t<meta name=\"twitter:data1\" content=\"3 minutes\" \/>\n<script type=\"application\/ld+json\" class=\"yoast-schema-graph\">{\"@context\":\"https:\/\/schema.org\",\"@graph\":[{\"@type\":\"WebPage\",\"@id\":\"https:\/\/marina-bernried.de\/en\/hotel_and_wellness\/marina-wellness-spa\/spa-etiquette\/\",\"url\":\"https:\/\/marina-bernried.de\/en\/hotel_and_wellness\/marina-wellness-spa\/spa-etiquette\/\",\"name\":\"Spa Etiquette - Marina Resort Bernried\",\"isPartOf\":{\"@id\":\"\/#website\"},\"datePublished\":\"2024-09-03T07:10:50+00:00\",\"dateModified\":\"2025-03-24T17:37:24+00:00\",\"breadcrumb\":{\"@id\":\"https:\/\/marina-bernried.de\/en\/hotel_and_wellness\/marina-wellness-spa\/spa-etiquette\/#breadcrumb\"},\"inLanguage\":\"en-US\",\"potentialAction\":[{\"@type\":\"ReadAction\",\"target\":[\"https:\/\/marina-bernried.de\/en\/hotel_and_wellness\/marina-wellness-spa\/spa-etiquette\/\"]}]},{\"@type\":\"BreadcrumbList\",\"@id\":\"https:\/\/marina-bernried.de\/en\/hotel_and_wellness\/marina-wellness-spa\/spa-etiquette\/#breadcrumb\",\"itemListElement\":[{\"@type\":\"ListItem\",\"position\":1,\"name\":\"Marina Bernried\",\"item\":\"https:\/\/marina-bernried.de\/en\/\"},{\"@type\":\"ListItem\",\"position\":2,\"name\":\"Hotel &#038; Wellness\",\"item\":\"https:\/\/marina-bernried.de\/en\/hotel_and_wellness\/\"},{\"@type\":\"ListItem\",\"position\":3,\"name\":\"Marina Wellness\",\"item\":\"https:\/\/marina-bernried.de\/en\/hotel_and_wellness\/marina-wellness-spa\/\"},{\"@type\":\"ListItem\",\"position\":4,\"name\":\"Spa Etiquette\"}]},{\"@type\":\"WebSite\",\"@id\":\"\/#website\",\"url\":\"\/\",\"name\":\"Marina Resort Bernried\",\"description\":\"am Starnberger See\",\"publisher\":{\"@id\":\"\/#organization\"},\"potentialAction\":[{\"@type\":\"SearchAction\",\"target\":{\"@type\":\"EntryPoint\",\"urlTemplate\":\"\/?s={search_term_string}\"},\"query-input\":{\"@type\":\"PropertyValueSpecification\",\"valueRequired\":true,\"valueName\":\"search_term_string\"}}],\"inLanguage\":\"en-US\"},{\"@type\":\"Organization\",\"@id\":\"\/#organization\",\"name\":\"Marina Bernried\",\"url\":\"\/\",\"logo\":{\"@type\":\"ImageObject\",\"inLanguage\":\"en-US\",\"@id\":\"\/#\/schema\/logo\/image\/\",\"url\":\"https:\/\/marina-bernried.de\/wp-content\/uploads\/Marina-Starnberger-See.webp\",\"contentUrl\":\"https:\/\/marina-bernried.de\/wp-content\/uploads\/Marina-Starnberger-See.webp\",\"width\":1024,\"height\":1024,\"caption\":\"Marina Bernried\"},\"image\":{\"@id\":\"\/#\/schema\/logo\/image\/\"}}]}<\/script>\n<!-- \/ Yoast SEO plugin. -->","yoast_head_json":{"title":"Spa Etiquette - Marina Resort Bernried","robots":{"index":"index","follow":"follow","max-snippet":"max-snippet:-1","max-image-preview":"max-image-preview:large","max-video-preview":"max-video-preview:-1"},"canonical":"https:\/\/marina-bernried.de\/en\/hotel_and_wellness\/marina-wellness-spa\/spa-etiquette\/","og_locale":"en_US","og_type":"article","og_title":"Spa Etiquette - Marina Resort Bernried","og_description":"Spa Etiquette \u00d6ffnungszeiten Pool- und Wellnessbereich: 7 bis 21 Uhr. Die Sauna wird auf Wunsch angeheizt. Bitte planen Sie 30 Minuten Wartezeit ein. Verhalten im Schwimmbad und Wellnessbereich Im Wellnessbereich haben Ruhe und Privatsph\u00e4re h\u00f6chste Priorit\u00e4t. Bitte f\u00fchren Sie Ihre Unterhaltungen so leise, dass andere G\u00e4ste nicht gest\u00f6rt werden. Schalten Sie auch Ihre Mobiltelefone aus. [&hellip;]","og_url":"https:\/\/marina-bernried.de\/en\/hotel_and_wellness\/marina-wellness-spa\/spa-etiquette\/","og_site_name":"Marina Resort Bernried","article_modified_time":"2025-03-24T17:37:24+00:00","twitter_card":"summary_large_image","twitter_misc":{"Est. reading time":"3 minutes"},"schema":{"@context":"https:\/\/schema.org","@graph":[{"@type":"WebPage","@id":"https:\/\/marina-bernried.de\/en\/hotel_and_wellness\/marina-wellness-spa\/spa-etiquette\/","url":"https:\/\/marina-bernried.de\/en\/hotel_and_wellness\/marina-wellness-spa\/spa-etiquette\/","name":"Spa Etiquette - Marina Resort Bernried","isPartOf":{"@id":"\/#website"},"datePublished":"2024-09-03T07:10:50+00:00","dateModified":"2025-03-24T17:37:24+00:00","breadcrumb":{"@id":"https:\/\/marina-bernried.de\/en\/hotel_and_wellness\/marina-wellness-spa\/spa-etiquette\/#breadcrumb"},"inLanguage":"en-US","potentialAction":[{"@type":"ReadAction","target":["https:\/\/marina-bernried.de\/en\/hotel_and_wellness\/marina-wellness-spa\/spa-etiquette\/"]}]},{"@type":"BreadcrumbList","@id":"https:\/\/marina-bernried.de\/en\/hotel_and_wellness\/marina-wellness-spa\/spa-etiquette\/#breadcrumb","itemListElement":[{"@type":"ListItem","position":1,"name":"Marina Bernried","item":"https:\/\/marina-bernried.de\/en\/"},{"@type":"ListItem","position":2,"name":"Hotel &#038; Wellness","item":"https:\/\/marina-bernried.de\/en\/hotel_and_wellness\/"},{"@type":"ListItem","position":3,"name":"Marina Wellness","item":"https:\/\/marina-bernried.de\/en\/hotel_and_wellness\/marina-wellness-spa\/"},{"@type":"ListItem","position":4,"name":"Spa Etiquette"}]},{"@type":"WebSite","@id":"\/#website","url":"\/","name":"Marina Resort Bernried","description":"am Starnberger See","publisher":{"@id":"\/#organization"},"potentialAction":[{"@type":"SearchAction","target":{"@type":"EntryPoint","urlTemplate":"\/?s={search_term_string}"},"query-input":{"@type":"PropertyValueSpecification","valueRequired":true,"valueName":"search_term_string"}}],"inLanguage":"en-US"},{"@type":"Organization","@id":"\/#organization","name":"Marina Bernried","url":"\/","logo":{"@type":"ImageObject","inLanguage":"en-US","@id":"\/#\/schema\/logo\/image\/","url":"https:\/\/marina-bernried.de\/wp-content\/uploads\/Marina-Starnberger-See.webp","contentUrl":"https:\/\/marina-bernried.de\/wp-content\/uploads\/Marina-Starnberger-See.webp","width":1024,"height":1024,"caption":"Marina Bernried"},"image":{"@id":"\/#\/schema\/logo\/image\/"}}]}},"publishpress_future_workflow_manual_trigger":{"enabledWorkflows":[]},"_links":{"self":[{"href":"https:\/\/marina-bernried.de\/en\/wp-json\/wp\/v2\/pages\/11568","targetHints":{"allow":["GET"]}}],"collection":[{"href":"https:\/\/marina-bernried.de\/en\/wp-json\/wp\/v2\/pages"}],"about":[{"href":"https:\/\/marina-bernried.de\/en\/wp-json\/wp\/v2\/types\/page"}],"author":[{"embeddable":true,"href":"https:\/\/marina-bernried.de\/en\/wp-json\/wp\/v2\/users\/1"}],"replies":[{"embeddable":true,"href":"https:\/\/marina-bernried.de\/en\/wp-json\/wp\/v2\/comments?post=11568"}],"version-history":[{"count":3,"href":"https:\/\/marina-bernried.de\/en\/wp-json\/wp\/v2\/pages\/11568\/revisions"}],"predecessor-version":[{"id":14384,"href":"https:\/\/marina-bernried.de\/en\/wp-json\/wp\/v2\/pages\/11568\/revisions\/14384"}],"up":[{"embeddable":true,"href":"https:\/\/marina-bernried.de\/en\/wp-json\/wp\/v2\/pages\/1348"}],"wp:attachment":[{"href":"https:\/\/marina-bernried.de\/en\/wp-json\/wp\/v2\/media?parent=11568"}],"curies":[{"name":"wp","href":"https:\/\/api.w.org\/{rel}","templated":true}]}}